{"id":1821,"date":"2023-11-16T13:07:44","date_gmt":"2023-11-16T12:07:44","guid":{"rendered":"https:\/\/polygraphtest.es\/comprar-poligrafo-en-mexico\/?page_id=1821"},"modified":"2024-11-21T08:10:05","modified_gmt":"2024-11-21T07:10:05","slug":"distribuidores-de-rubicon-en-mexico","status":"publish","type":"page","link":"https:\/\/polygraphtest.es\/comprar-poligrafo-en-mexico\/distribuidores-de-rubicon-en-mexico\/","title":{"rendered":"Distribuidores de Rubic\u00f3n en M\u00e9xico"},"content":{"rendered":"\t\t<div data-elementor-type=\"wp-page\" data-elementor-id=\"1821\" class=\"elementor elementor-1821\">\n\t\t\t\t\t\t<section class=\"elementor-section elementor-top-section elementor-element elementor-element-9cc67b0 elementor-section-boxed elementor-section-height-default elementor-section-height-default\" data-id=\"9cc67b0\" data-element_type=\"section\" data-e-type=\"section\" data-settings=\"{&quot;background_background&quot;:&quot;classic&quot;}\">\n\t\t\t\t\t\t<div class=\"elementor-container elementor-column-gap-default\">\n\t\t\t\t\t<div class=\"elementor-column elementor-col-100 elementor-top-column elementor-element elementor-element-26aee68\" data-id=\"26aee68\" data-element_type=\"column\" data-e-type=\"column\">\n\t\t\t<div class=\"elementor-widget-wrap elementor-element-populated\">\n\t\t\t\t\t\t<div class=\"elementor-element elementor-element-a3a60f7 elementor-widget elementor-widget-image\" data-id=\"a3a60f7\" data-element_type=\"widget\" data-e-type=\"widget\" data-widget_type=\"image.default\">\n\t\t\t\t<div class=\"elementor-widget-container\">\n\t\t\t\t\t\t\t\t\t\t\t\t\t\t\t<img decoding=\"async\" width=\"320\" height=\"80\" src=\"https:\/\/polygraphtest.es\/comprar-poligrafo-en-mexico\/wp-content\/uploads\/2023\/08\/logo.png\" class=\"attachment-full size-full wp-image-1455\" alt=\"\" srcset=\"https:\/\/polygraphtest.es\/comprar-poligrafo-en-mexico\/wp-content\/uploads\/2023\/08\/logo.png 320w, https:\/\/polygraphtest.es\/comprar-poligrafo-en-mexico\/wp-content\/uploads\/2023\/08\/logo-300x75.png 300w\" sizes=\"(max-width: 320px) 100vw, 320px\" \/>\t\t\t\t\t\t\t\t\t\t\t\t\t\t\t<\/div>\n\t\t\t\t<\/div>\n\t\t\t\t<div class=\"elementor-element elementor-element-14d49d0 elementor-widget elementor-widget-heading\" data-id=\"14d49d0\" data-element_type=\"widget\" data-e-type=\"widget\" data-widget_type=\"heading.default\">\n\t\t\t\t<div class=\"elementor-widget-container\">\n\t\t\t\t\t<h3 class=\"elementor-heading-title elementor-size-default\">DESTRIBUIDORES DE POL\u00cdGRAFO RUBICON EN M\u00c9XICO<\/h3>\t\t\t\t<\/div>\n\t\t\t\t<\/div>\n\t\t\t\t<div class=\"elementor-element elementor-element-bbf341a elementor-widget elementor-widget-heading\" data-id=\"bbf341a\" data-element_type=\"widget\" data-e-type=\"widget\" data-widget_type=\"heading.default\">\n\t\t\t\t<div class=\"elementor-widget-container\">\n\t\t\t\t\t<h6 class=\"elementor-heading-title elementor-size-default\">Presentamos la lista de distribuidores de Pol\u00edgrafo Rubic\u00f3n en M\u00e9xico. Proporcionamos los datos de contacto y su presencia f\u00edsica en el pa\u00eds. Los servicios principales de los distribuidores incluyen atenci\u00f3n al cliente, soporte y garant\u00eda.<\/h6>\t\t\t\t<\/div>\n\t\t\t\t<\/div>\n\t\t\t\t\t<\/div>\n\t\t<\/div>\n\t\t\t\t\t<\/div>\n\t\t<\/section>\n\t\t\t\t<section class=\"elementor-section elementor-top-section elementor-element elementor-element-a6c81be elementor-section-boxed elementor-section-height-default elementor-section-height-default\" data-id=\"a6c81be\" data-element_type=\"section\" data-e-type=\"section\">\n\t\t\t\t\t\t<div class=\"elementor-container elementor-column-gap-default\">\n\t\t\t\t\t<div class=\"elementor-column elementor-col-100 elementor-top-column elementor-element elementor-element-e9c044f\" data-id=\"e9c044f\" data-element_type=\"column\" data-e-type=\"column\">\n\t\t\t<div class=\"elementor-widget-wrap elementor-element-populated\">\n\t\t\t\t\t\t<section class=\"elementor-section elementor-inner-section elementor-element elementor-element-376fd76 elementor-section-content-middle elementor-section-boxed elementor-section-height-default elementor-section-height-default\" data-id=\"376fd76\" data-element_type=\"section\" data-e-type=\"section\" data-settings=\"{&quot;background_background&quot;:&quot;classic&quot;}\">\n\t\t\t\t\t\t<div class=\"elementor-container elementor-column-gap-wider\">\n\t\t\t\t\t<div class=\"elementor-column elementor-col-33 elementor-inner-column elementor-element elementor-element-b391fb7\" data-id=\"b391fb7\" data-element_type=\"column\" data-e-type=\"column\" data-settings=\"{&quot;background_background&quot;:&quot;classic&quot;}\">\n\t\t\t<div class=\"elementor-widget-wrap elementor-element-populated\">\n\t\t\t\t\t<div class=\"elementor-background-overlay\"><\/div>\n\t\t\t\t\t\t<div class=\"elementor-element elementor-element-2672c87 elementor-widget elementor-widget-image\" data-id=\"2672c87\" data-element_type=\"widget\" data-e-type=\"widget\" data-widget_type=\"image.default\">\n\t\t\t\t<div class=\"elementor-widget-container\">\n\t\t\t\t\t\t\t\t\t\t\t\t\t\t\t<img decoding=\"async\" width=\"179\" height=\"208\" src=\"https:\/\/polygraphtest.es\/comprar-poligrafo-en-mexico\/wp-content\/uploads\/2023\/11\/organizacion.png\" class=\"attachment-full size-full wp-image-1896\" alt=\"\" \/>\t\t\t\t\t\t\t\t\t\t\t\t\t\t\t<\/div>\n\t\t\t\t<\/div>\n\t\t\t\t\t<\/div>\n\t\t<\/div>\n\t\t\t\t<div class=\"elementor-column elementor-col-33 elementor-inner-column elementor-element elementor-element-85a8d07\" data-id=\"85a8d07\" data-element_type=\"column\" data-e-type=\"column\" data-settings=\"{&quot;background_background&quot;:&quot;classic&quot;}\">\n\t\t\t<div class=\"elementor-widget-wrap elementor-element-populated\">\n\t\t\t\t\t<div class=\"elementor-background-overlay\"><\/div>\n\t\t\t\t\t\t<div class=\"elementor-element elementor-element-5e784ec elementor-widget elementor-widget-heading\" data-id=\"5e784ec\" data-element_type=\"widget\" data-e-type=\"widget\" data-widget_type=\"heading.default\">\n\t\t\t\t<div class=\"elementor-widget-container\">\n\t\t\t\t\t<h6 class=\"elementor-heading-title elementor-size-default\">CRENTRO INTERNACIONAL DE INTELIGENCIA, MONITOREO, EVALUACI\u00d3N ESTRAT\u00c9GICA Y POLIGRAF\u00cdA<\/h6>\t\t\t\t<\/div>\n\t\t\t\t<\/div>\n\t\t\t\t<div class=\"elementor-element elementor-element-1cb6166 elementor-widget elementor-widget-heading\" data-id=\"1cb6166\" data-element_type=\"widget\" data-e-type=\"widget\" data-widget_type=\"heading.default\">\n\t\t\t\t<div class=\"elementor-widget-container\">\n\t\t\t\t\t<p class=\"elementor-heading-title elementor-size-default\">San Borja 1208, Narvarte Poniente, Benito Ju\u00e1rez, 03020 Ciudad de M\u00e9xico, CDMX\n<\/p>\t\t\t\t<\/div>\n\t\t\t\t<\/div>\n\t\t\t\t\t<\/div>\n\t\t<\/div>\n\t\t\t\t<div class=\"elementor-column elementor-col-33 elementor-inner-column elementor-element elementor-element-b8bedfc\" data-id=\"b8bedfc\" data-element_type=\"column\" data-e-type=\"column\">\n\t\t\t<div class=\"elementor-widget-wrap elementor-element-populated\">\n\t\t\t\t\t\t<div class=\"elementor-element elementor-element-6410c2c elementor-align-justify elementor-widget__width-initial elementor-widget elementor-widget-button\" data-id=\"6410c2c\" data-element_type=\"widget\" data-e-type=\"widget\" data-widget_type=\"button.default\">\n\t\t\t\t<div class=\"elementor-widget-container\">\n\t\t\t\t\t\t\t\t\t<div class=\"elementor-button-wrapper\">\n\t\t\t\t\t<a class=\"elementor-button elementor-button-link elementor-size-xs elementor-animation-shrink\" href=\"https:\/\/wa.me\/+5215521898927\">\n\t\t\t\t\t\t<span class=\"elementor-button-content-wrapper\">\n\t\t\t\t\t\t\t\t\t<span class=\"elementor-button-text\">WHATSAPP<\/span>\n\t\t\t\t\t<\/span>\n\t\t\t\t\t<\/a>\n\t\t\t\t<\/div>\n\t\t\t\t\t\t\t\t<\/div>\n\t\t\t\t<\/div>\n\t\t\t\t<div class=\"elementor-element elementor-element-8f9f636 elementor-align-justify elementor-widget__width-initial elementor-widget elementor-widget-button\" data-id=\"8f9f636\" data-element_type=\"widget\" data-e-type=\"widget\" data-widget_type=\"button.default\">\n\t\t\t\t<div class=\"elementor-widget-container\">\n\t\t\t\t\t\t\t\t\t<div class=\"elementor-button-wrapper\">\n\t\t\t\t\t<a class=\"elementor-button elementor-button-link elementor-size-xs elementor-animation-shrink\" href=\"tel:+5215521898927\" data-fancybox=\"\">\n\t\t\t\t\t\t<span class=\"elementor-button-content-wrapper\">\n\t\t\t\t\t\t\t\t\t<span class=\"elementor-button-text\">LLAMAR<\/span>\n\t\t\t\t\t<\/span>\n\t\t\t\t\t<\/a>\n\t\t\t\t<\/div>\n\t\t\t\t\t\t\t\t<\/div>\n\t\t\t\t<\/div>\n\t\t\t\t\t<\/div>\n\t\t<\/div>\n\t\t\t\t\t<\/div>\n\t\t<\/section>\n\t\t\t\t\t<\/div>\n\t\t<\/div>\n\t\t\t\t\t<\/div>\n\t\t<\/section>\n\t\t\t\t<\/div>\n\t\t","protected":false},"excerpt":{"rendered":"<p>DESTRIBUIDORES DE POL\u00cdGRAFO RUBICON EN M\u00c9XICO Presentamos la lista de distribuidores de Pol\u00edgrafo Rubic\u00f3n en M\u00e9xico. Proporcionamos los datos de contacto y su presencia f\u00edsica en el pa\u00eds. Los servicios principales de los distribuidores incluyen atenci\u00f3n al cliente, soporte y garant\u00eda. CRENTRO INTERNACIONAL DE INTELIGENCIA, MONITOREO, EVALUACI\u00d3N ESTRAT\u00c9GICA Y POLIGRAF\u00cdA San Borja 1208, Narvarte Poniente,&#8230;<\/p>\n","protected":false},"author":1,"featured_media":0,"parent":0,"menu_order":0,"comment_status":"closed","ping_status":"open","template":"elementor_canvas","meta":{"_kad_post_transparent":"default","_kad_post_title":"hide","_kad_post_layout":"fullwidth","_kad_post_sidebar_id":"","_kad_post_content_style":"unboxed","_kad_post_vertical_padding":"hide","_kad_post_feature":"hide","_kad_post_feature_position":"","_kad_post_header":false,"_kad_post_footer":false,"footnotes":""},"class_list":["post-1821","page","type-page","status-publish","hentry"],"yoast_head":"<!-- This site is optimized with the Yoast SEO plugin v27.1.1 - https:\/\/yoast.com\/product\/yoast-seo-wordpress\/ -->\n<title>Distribuidores de Rubic\u00f3n en M\u00e9xico - Poligrafo en Mexico<\/title>\n<meta name=\"description\" content=\"Venta los pol\u00edgrafos profesionales en M\u00e9xico. Distribuidores de Rubic\u00f3n en M\u00e9xico. Garant\u00eda, Calidad, Soporte t\u00e9cnico.\" \/>\n<meta name=\"robots\" content=\"index, follow, max-snippet:-1, max-image-preview:large, max-video-preview:-1\" \/>\n<link rel=\"canonical\" href=\"https:\/\/polygraphtest.es\/comprar-poligrafo-en-mexico\/distribuidores-de-rubicon-en-mexico\/\" \/>\n<meta property=\"og:locale\" content=\"es_ES\" \/>\n<meta property=\"og:type\" content=\"article\" \/>\n<meta property=\"og:title\" content=\"Distribuidores de Rubic\u00f3n en M\u00e9xico - Poligrafo en Mexico\" \/>\n<meta property=\"og:description\" content=\"Venta los pol\u00edgrafos profesionales en M\u00e9xico. Distribuidores de Rubic\u00f3n en M\u00e9xico. Garant\u00eda, Calidad, Soporte t\u00e9cnico.\" \/>\n<meta property=\"og:url\" content=\"https:\/\/polygraphtest.es\/comprar-poligrafo-en-mexico\/distribuidores-de-rubicon-en-mexico\/\" \/>\n<meta property=\"og:site_name\" content=\"Poligrafo en Mexico\" \/>\n<meta property=\"article:modified_time\" content=\"2024-11-21T07:10:05+00:00\" \/>\n<meta property=\"og:image\" content=\"https:\/\/polygraphtest.es\/comprar-poligrafo-en-mexico\/wp-content\/uploads\/2023\/08\/logo.png\" \/>\n\t<meta property=\"og:image:width\" content=\"320\" \/>\n\t<meta property=\"og:image:height\" content=\"80\" \/>\n\t<meta property=\"og:image:type\" content=\"image\/png\" \/>\n<meta name=\"twitter:card\" content=\"summary_large_image\" \/>\n<meta name=\"twitter:label1\" content=\"Tiempo de lectura\" \/>\n\t<meta name=\"twitter:data1\" content=\"1 minuto\" \/>\n<script type=\"application\/ld+json\" class=\"yoast-schema-graph\">{\"@context\":\"https:\/\/schema.org\",\"@graph\":[{\"@type\":\"WebPage\",\"@id\":\"https:\/\/polygraphtest.es\/comprar-poligrafo-en-mexico\/distribuidores-de-rubicon-en-mexico\/\",\"url\":\"https:\/\/polygraphtest.es\/comprar-poligrafo-en-mexico\/distribuidores-de-rubicon-en-mexico\/\",\"name\":\"Distribuidores de Rubic\u00f3n en M\u00e9xico - Poligrafo en Mexico\",\"isPartOf\":{\"@id\":\"https:\/\/polygraphtest.es\/comprar-poligrafo-en-mexico\/#website\"},\"primaryImageOfPage\":{\"@id\":\"https:\/\/polygraphtest.es\/comprar-poligrafo-en-mexico\/distribuidores-de-rubicon-en-mexico\/#primaryimage\"},\"image\":{\"@id\":\"https:\/\/polygraphtest.es\/comprar-poligrafo-en-mexico\/distribuidores-de-rubicon-en-mexico\/#primaryimage\"},\"thumbnailUrl\":\"https:\/\/polygraphtest.es\/comprar-poligrafo-en-mexico\/wp-content\/uploads\/2023\/08\/logo.png\",\"datePublished\":\"2023-11-16T12:07:44+00:00\",\"dateModified\":\"2024-11-21T07:10:05+00:00\",\"description\":\"Venta los pol\u00edgrafos profesionales en M\u00e9xico. Distribuidores de Rubic\u00f3n en M\u00e9xico. Garant\u00eda, Calidad, Soporte t\u00e9cnico.\",\"breadcrumb\":{\"@id\":\"https:\/\/polygraphtest.es\/comprar-poligrafo-en-mexico\/distribuidores-de-rubicon-en-mexico\/#breadcrumb\"},\"inLanguage\":\"es\",\"potentialAction\":[{\"@type\":\"ReadAction\",\"target\":[\"https:\/\/polygraphtest.es\/comprar-poligrafo-en-mexico\/distribuidores-de-rubicon-en-mexico\/\"]}]},{\"@type\":\"ImageObject\",\"inLanguage\":\"es\",\"@id\":\"https:\/\/polygraphtest.es\/comprar-poligrafo-en-mexico\/distribuidores-de-rubicon-en-mexico\/#primaryimage\",\"url\":\"https:\/\/polygraphtest.es\/comprar-poligrafo-en-mexico\/wp-content\/uploads\/2023\/08\/logo.png\",\"contentUrl\":\"https:\/\/polygraphtest.es\/comprar-poligrafo-en-mexico\/wp-content\/uploads\/2023\/08\/logo.png\",\"width\":320,\"height\":80},{\"@type\":\"BreadcrumbList\",\"@id\":\"https:\/\/polygraphtest.es\/comprar-poligrafo-en-mexico\/distribuidores-de-rubicon-en-mexico\/#breadcrumb\",\"itemListElement\":[{\"@type\":\"ListItem\",\"position\":1,\"name\":\"Portada\",\"item\":\"https:\/\/polygraphtest.es\/comprar-poligrafo-en-mexico\/\"},{\"@type\":\"ListItem\",\"position\":2,\"name\":\"Distribuidores de Rubic\u00f3n en M\u00e9xico\"}]},{\"@type\":\"WebSite\",\"@id\":\"https:\/\/polygraphtest.es\/comprar-poligrafo-en-mexico\/#website\",\"url\":\"https:\/\/polygraphtest.es\/comprar-poligrafo-en-mexico\/\",\"name\":\"Poligrafo en Mexico\",\"description\":\"Venta equipos de pol\u00edgrafo en Mexico\",\"publisher\":{\"@id\":\"https:\/\/polygraphtest.es\/comprar-poligrafo-en-mexico\/#organization\"},\"potentialAction\":[{\"@type\":\"SearchAction\",\"target\":{\"@type\":\"EntryPoint\",\"urlTemplate\":\"https:\/\/polygraphtest.es\/comprar-poligrafo-en-mexico\/?s={search_term_string}\"},\"query-input\":{\"@type\":\"PropertyValueSpecification\",\"valueRequired\":true,\"valueName\":\"search_term_string\"}}],\"inLanguage\":\"es\"},{\"@type\":\"Organization\",\"@id\":\"https:\/\/polygraphtest.es\/comprar-poligrafo-en-mexico\/#organization\",\"name\":\"Poligrafo en Mexico\",\"url\":\"https:\/\/polygraphtest.es\/comprar-poligrafo-en-mexico\/\",\"logo\":{\"@type\":\"ImageObject\",\"inLanguage\":\"es\",\"@id\":\"https:\/\/polygraphtest.es\/comprar-poligrafo-en-mexico\/#\/schema\/logo\/image\/\",\"url\":\"https:\/\/polygraphtest.es\/comprar-poligrafo-en-mexico\/wp-content\/uploads\/2023\/08\/case-pelican-p02m-en.jpg\",\"contentUrl\":\"https:\/\/polygraphtest.es\/comprar-poligrafo-en-mexico\/wp-content\/uploads\/2023\/08\/case-pelican-p02m-en.jpg\",\"width\":1040,\"height\":780,\"caption\":\"Poligrafo en Mexico\"},\"image\":{\"@id\":\"https:\/\/polygraphtest.es\/comprar-poligrafo-en-mexico\/#\/schema\/logo\/image\/\"}}]}<\/script>\n<!-- \/ Yoast SEO plugin. -->","yoast_head_json":{"title":"Distribuidores de Rubic\u00f3n en M\u00e9xico - Poligrafo en Mexico","description":"Venta los pol\u00edgrafos profesionales en M\u00e9xico. Distribuidores de Rubic\u00f3n en M\u00e9xico. Garant\u00eda, Calidad, Soporte t\u00e9cnico.","robots":{"index":"index","follow":"follow","max-snippet":"max-snippet:-1","max-image-preview":"max-image-preview:large","max-video-preview":"max-video-preview:-1"},"canonical":"https:\/\/polygraphtest.es\/comprar-poligrafo-en-mexico\/distribuidores-de-rubicon-en-mexico\/","og_locale":"es_ES","og_type":"article","og_title":"Distribuidores de Rubic\u00f3n en M\u00e9xico - Poligrafo en Mexico","og_description":"Venta los pol\u00edgrafos profesionales en M\u00e9xico. Distribuidores de Rubic\u00f3n en M\u00e9xico. Garant\u00eda, Calidad, Soporte t\u00e9cnico.","og_url":"https:\/\/polygraphtest.es\/comprar-poligrafo-en-mexico\/distribuidores-de-rubicon-en-mexico\/","og_site_name":"Poligrafo en Mexico","article_modified_time":"2024-11-21T07:10:05+00:00","og_image":[{"width":320,"height":80,"url":"https:\/\/polygraphtest.es\/comprar-poligrafo-en-mexico\/wp-content\/uploads\/2023\/08\/logo.png","type":"image\/png"}],"twitter_card":"summary_large_image","twitter_misc":{"Tiempo de lectura":"1 minuto"},"schema":{"@context":"https:\/\/schema.org","@graph":[{"@type":"WebPage","@id":"https:\/\/polygraphtest.es\/comprar-poligrafo-en-mexico\/distribuidores-de-rubicon-en-mexico\/","url":"https:\/\/polygraphtest.es\/comprar-poligrafo-en-mexico\/distribuidores-de-rubicon-en-mexico\/","name":"Distribuidores de Rubic\u00f3n en M\u00e9xico - Poligrafo en Mexico","isPartOf":{"@id":"https:\/\/polygraphtest.es\/comprar-poligrafo-en-mexico\/#website"},"primaryImageOfPage":{"@id":"https:\/\/polygraphtest.es\/comprar-poligrafo-en-mexico\/distribuidores-de-rubicon-en-mexico\/#primaryimage"},"image":{"@id":"https:\/\/polygraphtest.es\/comprar-poligrafo-en-mexico\/distribuidores-de-rubicon-en-mexico\/#primaryimage"},"thumbnailUrl":"https:\/\/polygraphtest.es\/comprar-poligrafo-en-mexico\/wp-content\/uploads\/2023\/08\/logo.png","datePublished":"2023-11-16T12:07:44+00:00","dateModified":"2024-11-21T07:10:05+00:00","description":"Venta los pol\u00edgrafos profesionales en M\u00e9xico. Distribuidores de Rubic\u00f3n en M\u00e9xico. Garant\u00eda, Calidad, Soporte t\u00e9cnico.","breadcrumb":{"@id":"https:\/\/polygraphtest.es\/comprar-poligrafo-en-mexico\/distribuidores-de-rubicon-en-mexico\/#breadcrumb"},"inLanguage":"es","potentialAction":[{"@type":"ReadAction","target":["https:\/\/polygraphtest.es\/comprar-poligrafo-en-mexico\/distribuidores-de-rubicon-en-mexico\/"]}]},{"@type":"ImageObject","inLanguage":"es","@id":"https:\/\/polygraphtest.es\/comprar-poligrafo-en-mexico\/distribuidores-de-rubicon-en-mexico\/#primaryimage","url":"https:\/\/polygraphtest.es\/comprar-poligrafo-en-mexico\/wp-content\/uploads\/2023\/08\/logo.png","contentUrl":"https:\/\/polygraphtest.es\/comprar-poligrafo-en-mexico\/wp-content\/uploads\/2023\/08\/logo.png","width":320,"height":80},{"@type":"BreadcrumbList","@id":"https:\/\/polygraphtest.es\/comprar-poligrafo-en-mexico\/distribuidores-de-rubicon-en-mexico\/#breadcrumb","itemListElement":[{"@type":"ListItem","position":1,"name":"Portada","item":"https:\/\/polygraphtest.es\/comprar-poligrafo-en-mexico\/"},{"@type":"ListItem","position":2,"name":"Distribuidores de Rubic\u00f3n en M\u00e9xico"}]},{"@type":"WebSite","@id":"https:\/\/polygraphtest.es\/comprar-poligrafo-en-mexico\/#website","url":"https:\/\/polygraphtest.es\/comprar-poligrafo-en-mexico\/","name":"Poligrafo en Mexico","description":"Venta equipos de pol\u00edgrafo en Mexico","publisher":{"@id":"https:\/\/polygraphtest.es\/comprar-poligrafo-en-mexico\/#organization"},"potentialAction":[{"@type":"SearchAction","target":{"@type":"EntryPoint","urlTemplate":"https:\/\/polygraphtest.es\/comprar-poligrafo-en-mexico\/?s={search_term_string}"},"query-input":{"@type":"PropertyValueSpecification","valueRequired":true,"valueName":"search_term_string"}}],"inLanguage":"es"},{"@type":"Organization","@id":"https:\/\/polygraphtest.es\/comprar-poligrafo-en-mexico\/#organization","name":"Poligrafo en Mexico","url":"https:\/\/polygraphtest.es\/comprar-poligrafo-en-mexico\/","logo":{"@type":"ImageObject","inLanguage":"es","@id":"https:\/\/polygraphtest.es\/comprar-poligrafo-en-mexico\/#\/schema\/logo\/image\/","url":"https:\/\/polygraphtest.es\/comprar-poligrafo-en-mexico\/wp-content\/uploads\/2023\/08\/case-pelican-p02m-en.jpg","contentUrl":"https:\/\/polygraphtest.es\/comprar-poligrafo-en-mexico\/wp-content\/uploads\/2023\/08\/case-pelican-p02m-en.jpg","width":1040,"height":780,"caption":"Poligrafo en Mexico"},"image":{"@id":"https:\/\/polygraphtest.es\/comprar-poligrafo-en-mexico\/#\/schema\/logo\/image\/"}}]}},"_links":{"self":[{"href":"https:\/\/polygraphtest.es\/comprar-poligrafo-en-mexico\/wp-json\/wp\/v2\/pages\/1821","targetHints":{"allow":["GET"]}}],"collection":[{"href":"https:\/\/polygraphtest.es\/comprar-poligrafo-en-mexico\/wp-json\/wp\/v2\/pages"}],"about":[{"href":"https:\/\/polygraphtest.es\/comprar-poligrafo-en-mexico\/wp-json\/wp\/v2\/types\/page"}],"author":[{"embeddable":true,"href":"https:\/\/polygraphtest.es\/comprar-poligrafo-en-mexico\/wp-json\/wp\/v2\/users\/1"}],"replies":[{"embeddable":true,"href":"https:\/\/polygraphtest.es\/comprar-poligrafo-en-mexico\/wp-json\/wp\/v2\/comments?post=1821"}],"version-history":[{"count":115,"href":"https:\/\/polygraphtest.es\/comprar-poligrafo-en-mexico\/wp-json\/wp\/v2\/pages\/1821\/revisions"}],"predecessor-version":[{"id":1968,"href":"https:\/\/polygraphtest.es\/comprar-poligrafo-en-mexico\/wp-json\/wp\/v2\/pages\/1821\/revisions\/1968"}],"wp:attachment":[{"href":"https:\/\/polygraphtest.es\/comprar-poligrafo-en-mexico\/wp-json\/wp\/v2\/media?parent=1821"}],"curies":[{"name":"wp","href":"https:\/\/api.w.org\/{rel}","templated":true}]}}