{"id":6,"date":"2023-04-22T10:03:55","date_gmt":"2023-04-22T10:03:55","guid":{"rendered":"https:\/\/polygraphtest.es\/descubrir-infidelidad\/?page_id=6"},"modified":"2025-11-20T14:29:08","modified_gmt":"2025-11-20T14:29:08","slug":"infidelidad","status":"publish","type":"page","link":"https:\/\/polygraphtest.es\/descubrir-infidelidad\/","title":{"rendered":"Infidelidad"},"content":{"rendered":"\t\t<div data-elementor-type=\"wp-post\" data-elementor-id=\"6\" class=\"elementor elementor-6\">\n\t\t\t\t\t\t<section class=\"elementor-section elementor-top-section elementor-element elementor-element-560d488a elementor-section-full_width elementor-section-stretched elementor-section-height-full elementor-section-content-middle elementor-section-height-default elementor-section-items-middle\" data-id=\"560d488a\" data-element_type=\"section\" data-e-type=\"section\" data-settings=\"{&quot;stretch_section&quot;:&quot;section-stretched&quot;,&quot;background_background&quot;:&quot;classic&quot;}\">\n\t\t\t\t\t\t\t<div class=\"elementor-background-overlay\"><\/div>\n\t\t\t\t\t\t\t<div class=\"elementor-container elementor-column-gap-no\">\n\t\t\t\t\t<div class=\"elementor-column elementor-col-100 elementor-top-column elementor-element elementor-element-54a8dca3\" data-id=\"54a8dca3\" data-element_type=\"column\" data-e-type=\"column\">\n\t\t\t<div class=\"elementor-widget-wrap elementor-element-populated\">\n\t\t\t\t\t\t<section class=\"elementor-section elementor-inner-section elementor-element elementor-element-dfc66c7 elementor-reverse-mobile elementor-section-boxed elementor-section-height-default elementor-section-height-default\" data-id=\"dfc66c7\" data-element_type=\"section\" data-e-type=\"section\">\n\t\t\t\t\t\t<div class=\"elementor-container elementor-column-gap-default\">\n\t\t\t\t\t<div class=\"elementor-column elementor-col-100 elementor-inner-column elementor-element elementor-element-7ea7a9d\" data-id=\"7ea7a9d\" data-element_type=\"column\" data-e-type=\"column\">\n\t\t\t<div class=\"elementor-widget-wrap elementor-element-populated\">\n\t\t\t\t\t\t<div class=\"elementor-element elementor-element-2b254e2 elementor-widget elementor-widget-image\" data-id=\"2b254e2\" data-element_type=\"widget\" data-e-type=\"widget\" data-widget_type=\"image.default\">\n\t\t\t\t<div class=\"elementor-widget-container\">\n\t\t\t\t\t\t\t\t\t\t\t\t\t\t\t<img decoding=\"async\" width=\"300\" height=\"150\" src=\"https:\/\/polygraphtest.es\/descubrir-infidelidad\/wp-content\/uploads\/2023\/05\/corazon-300x150.png\" class=\"attachment-medium size-medium wp-image-240\" alt=\"infidelidad\" srcset=\"https:\/\/polygraphtest.es\/descubrir-infidelidad\/wp-content\/uploads\/2023\/05\/corazon-300x150.png 300w, https:\/\/polygraphtest.es\/descubrir-infidelidad\/wp-content\/uploads\/2023\/05\/corazon.png 640w\" sizes=\"(max-width: 300px) 100vw, 300px\" \/>\t\t\t\t\t\t\t\t\t\t\t\t\t\t\t<\/div>\n\t\t\t\t<\/div>\n\t\t\t\t<div class=\"elementor-element elementor-element-c4b929d elementor-widget elementor-widget-heading\" data-id=\"c4b929d\" data-element_type=\"widget\" data-e-type=\"widget\" data-widget_type=\"heading.default\">\n\t\t\t\t<div class=\"elementor-widget-container\">\n\t\t\t\t\t<h1 class=\"elementor-heading-title elementor-size-default\">DESCUBRE LA INFIDELIDAD<\/h1>\t\t\t\t<\/div>\n\t\t\t\t<\/div>\n\t\t\t\t<div class=\"elementor-element elementor-element-a534ab0 elementor-widget__width-auto elementor-widget elementor-widget-video\" data-id=\"a534ab0\" data-element_type=\"widget\" data-e-type=\"widget\" data-settings=\"{&quot;youtube_url&quot;:&quot;https:\\\/\\\/youtu.be\\\/uGuRvPUNkrQ&quot;,&quot;show_image_overlay&quot;:&quot;yes&quot;,&quot;image_overlay&quot;:{&quot;url&quot;:&quot;https:\\\/\\\/polygraphtest.es\\\/descubrir-infidelidad\\\/wp-content\\\/uploads\\\/2023\\\/04\\\/ytube.png&quot;,&quot;id&quot;:33,&quot;size&quot;:&quot;&quot;,&quot;alt&quot;:&quot;Descubrir la Infidelidad&quot;,&quot;source&quot;:&quot;library&quot;},&quot;lightbox&quot;:&quot;yes&quot;,&quot;video_type&quot;:&quot;youtube&quot;,&quot;controls&quot;:&quot;yes&quot;}\" data-widget_type=\"video.default\">\n\t\t\t\t<div class=\"elementor-widget-container\">\n\t\t\t\t\t\t\t<div class=\"elementor-wrapper elementor-open-lightbox\">\n\t\t\t\t\t\t\t<div class=\"elementor-custom-embed-image-overlay\" data-elementor-open-lightbox=\"yes\" data-elementor-lightbox=\"{&quot;type&quot;:&quot;video&quot;,&quot;videoType&quot;:&quot;youtube&quot;,&quot;url&quot;:&quot;https:\\\/\\\/www.youtube.com\\\/embed\\\/uGuRvPUNkrQ?feature=oembed&amp;start&amp;end&amp;wmode=opaque&amp;loop=0&amp;controls=1&amp;mute=0&amp;rel=0&amp;cc_load_policy=0&quot;,&quot;autoplay&quot;:&quot;&quot;,&quot;modalOptions&quot;:{&quot;id&quot;:&quot;elementor-lightbox-a534ab0&quot;,&quot;entranceAnimation&quot;:&quot;&quot;,&quot;entranceAnimation_tablet&quot;:&quot;&quot;,&quot;entranceAnimation_mobile&quot;:&quot;&quot;,&quot;videoAspectRatio&quot;:&quot;169&quot;}}\" data-e-action-hash=\"#elementor-action%3Aaction%3Dlightbox%26settings%3DeyJ0eXBlIjoidmlkZW8iLCJ2aWRlb1R5cGUiOiJ5b3V0dWJlIiwidXJsIjoiaHR0cHM6XC9cL3d3dy55b3V0dWJlLmNvbVwvZW1iZWRcL3VHdVJ2UFVOa3JRP2ZlYXR1cmU9b2VtYmVkJnN0YXJ0JmVuZCZ3bW9kZT1vcGFxdWUmbG9vcD0wJmNvbnRyb2xzPTEmbXV0ZT0wJnJlbD0wJmNjX2xvYWRfcG9saWN5PTAiLCJhdXRvcGxheSI6IiIsIm1vZGFsT3B0aW9ucyI6eyJpZCI6ImVsZW1lbnRvci1saWdodGJveC1hNTM0YWIwIiwiZW50cmFuY2VBbmltYXRpb24iOiIiLCJlbnRyYW5jZUFuaW1hdGlvbl90YWJsZXQiOiIiLCJlbnRyYW5jZUFuaW1hdGlvbl9tb2JpbGUiOiIiLCJ2aWRlb0FzcGVjdFJhdGlvIjoiMTY5In19\">\n\t\t\t\t\t\t\t\t\t\t\t<img decoding=\"async\" width=\"100\" height=\"100\" src=\"https:\/\/polygraphtest.es\/descubrir-infidelidad\/wp-content\/uploads\/2023\/04\/ytube.png\" class=\"attachment-full size-full wp-image-33\" alt=\"Descubrir la Infidelidad\" \/>\t\t\t\t\t\t\t\t\t\t\t\t\t\t\t\t<div class=\"elementor-custom-embed-play\" role=\"button\" aria-label=\"Reproducir video acerca de Descubrir la Infidelidad\" tabindex=\"0\">\n\t\t\t\t\t\t\t<svg xmlns=\"http:\/\/www.w3.org\/2000\/svg\" xmlns:xlink=\"http:\/\/www.w3.org\/1999\/xlink\" height=\"800px\" width=\"800px\" id=\"Layer_1\" viewBox=\"0 0 461.001 461.001\" xml:space=\"preserve\"><g>\t<path style=\"fill:#F61C0D;\" d=\"M365.257,67.393H95.744C42.866,67.393,0,110.259,0,163.137v134.728   c0,52.878,42.866,95.744,95.744,95.744h269.513c52.878,0,95.744-42.866,95.744-95.744V163.137   C461.001,110.259,418.135,67.393,365.257,67.393z M300.506,237.056l-126.06,60.123c-3.359,1.602-7.239-0.847-7.239-4.568V168.607   c0-3.774,3.982-6.22,7.348-4.514l126.06,63.881C304.363,229.873,304.298,235.248,300.506,237.056z\"><\/path><\/g><\/svg>\t\t\t\t\t\t<\/div>\n\t\t\t\t\t\t\t\t\t<\/div>\n\t\t\t\t\t<\/div>\n\t\t\t\t\t\t<\/div>\n\t\t\t\t<\/div>\n\t\t\t\t<div class=\"elementor-element elementor-element-f08f817 elementor-align-justify elementor-widget__width-initial elementor-mobile-align-justify elementor-widget-tablet__width-inherit elementor-widget elementor-widget-button\" data-id=\"f08f817\" data-element_type=\"widget\" data-e-type=\"widget\" data-widget_type=\"button.default\">\n\t\t\t\t<div class=\"elementor-widget-container\">\n\t\t\t\t\t\t\t\t\t<div class=\"elementor-button-wrapper\">\n\t\t\t\t\t<a class=\"elementor-button elementor-button-link elementor-size-xs\" href=\"https:\/\/polygraphtest.es\/descubrir-infidelidad\/test-de-infidelidad\">\n\t\t\t\t\t\t<span class=\"elementor-button-content-wrapper\">\n\t\t\t\t\t\t\t\t\t<span class=\"elementor-button-text\">PRUEBA R\u00c1PIDA GRATIS<\/span>\n\t\t\t\t\t<\/span>\n\t\t\t\t\t<\/a>\n\t\t\t\t<\/div>\n\t\t\t\t\t\t\t\t<\/div>\n\t\t\t\t<\/div>\n\t\t\t\t<div class=\"elementor-element elementor-element-6616463 elementor-align-justify elementor-widget__width-initial elementor-widget-tablet__width-inherit elementor-widget elementor-widget-button\" data-id=\"6616463\" data-element_type=\"widget\" data-e-type=\"widget\" data-widget_type=\"button.default\">\n\t\t\t\t<div class=\"elementor-widget-container\">\n\t\t\t\t\t\t\t\t\t<div class=\"elementor-button-wrapper\">\n\t\t\t\t\t<a class=\"elementor-button elementor-button-link elementor-size-xs\" href=\"https:\/\/polygraphtest.es\/contacto\/\">\n\t\t\t\t\t\t<span class=\"elementor-button-content-wrapper\">\n\t\t\t\t\t\t\t\t\t<span class=\"elementor-button-text\">CONTACTO<\/span>\n\t\t\t\t\t<\/span>\n\t\t\t\t\t<\/a>\n\t\t\t\t<\/div>\n\t\t\t\t\t\t\t\t<\/div>\n\t\t\t\t<\/div>\n\t\t\t\t<div class=\"elementor-element elementor-element-8c38cc3 elementor-widget elementor-widget-text-editor\" data-id=\"8c38cc3\" data-element_type=\"widget\" data-e-type=\"widget\" data-widget_type=\"text-editor.default\">\n\t\t\t\t<div class=\"elementor-widget-container\">\n\t\t\t\t\t\t\t\t\t<p data-start=\"129\" data-end=\"583\">Descubrir la verdad sobre la infidelidad en la pareja puede ser un proceso complicado y emocionalmente desgastante. Nuestro servicio profesional est\u00e1 dise\u00f1ado para ayudarte a aclarar cualquier duda y brindarte informaci\u00f3n confiable sobre la fidelidad de tu c\u00f3nyuge o pareja. A trav\u00e9s de m\u00e9todos probados y discretos, verificamos el historial sexual, investigamos posibles relaciones con otras personas y confirmamos o refutamos indicios de infidelidad. Adem\u00e1s, nuestro enfoque permite detectar si alguien lleva una doble vida, incluyendo comportamientos ocultos que podr\u00edan afectar la relaci\u00f3n o el matrimonio. No se trata solo de encontrar pruebas, sino tambi\u00e9n de comprender las intenciones reales de tu pareja y su compromiso con la relaci\u00f3n. Evaluamos la integridad de las acciones y el prop\u00f3sito del matrimonio, para ofrecer una visi\u00f3n completa y objetiva de la situaci\u00f3n. Nuestro equipo combina profesionalismo, experiencia y discreci\u00f3n, asegurando que todo el proceso sea confidencial y respetuoso.&nbsp;<\/p>\t\t\t\t\t\t\t\t<\/div>\n\t\t\t\t<\/div>\n\t\t\t\t<div class=\"elementor-element elementor-element-65482f9 elementor-widget elementor-widget-text-editor\" data-id=\"65482f9\" data-element_type=\"widget\" data-e-type=\"widget\" data-widget_type=\"text-editor.default\">\n\t\t\t\t<div class=\"elementor-widget-container\">\n\t\t\t\t\t\t\t\t\t<p data-start=\"129\" data-end=\"583\">Utilizamos herramientas y metodolog\u00edas confiables para obtener resultados precisos, permiti\u00e9ndote tomar decisiones informadas sobre el futuro de tu relaci\u00f3n. Ya sea que necesites confirmar tus sospechas o despejar malentendidos, nuestros servicios proporcionan claridad y seguridad emocional. Con nuestra ayuda, podr\u00e1s enfrentar la situaci\u00f3n con informaci\u00f3n verificada, evitando suposiciones o decisiones impulsivas. Cada caso es \u00fanico, y nos adaptamos a las circunstancias espec\u00edficas, asegurando que el enfoque de la investigaci\u00f3n sea adecuado y efectivo. Nuestro objetivo es darte tranquilidad y confianza, apoy\u00e1ndote en momentos dif\u00edciles y proporcionando respuestas claras sobre la fidelidad, la honestidad y el compromiso en tu relaci\u00f3n de pareja. Conf\u00eda en profesionales que priorizan la precisi\u00f3n, la \u00e9tica y la discreci\u00f3n. Descubre la verdad sobre la infidelidad y toma decisiones fundamentadas para proteger tu bienestar emocional y la estabilidad de tu relaci\u00f3n o matrimonio.<\/p>\t\t\t\t\t\t\t\t<\/div>\n\t\t\t\t<\/div>\n\t\t\t\t\t<\/div>\n\t\t<\/div>\n\t\t\t\t\t<\/div>\n\t\t<\/section>\n\t\t\t\t\t<\/div>\n\t\t<\/div>\n\t\t\t\t\t<\/div>\n\t\t<\/section>\n\t\t\t\t<section class=\"elementor-section elementor-top-section elementor-element elementor-element-3036dd5 elementor-section-boxed elementor-section-height-default elementor-section-height-default\" data-id=\"3036dd5\" data-element_type=\"section\" data-e-type=\"section\">\n\t\t\t\t\t\t<div class=\"elementor-container elementor-column-gap-default\">\n\t\t\t\t\t<div class=\"elementor-column elementor-col-100 elementor-top-column elementor-element elementor-element-92a799e\" data-id=\"92a799e\" data-element_type=\"column\" data-e-type=\"column\">\n\t\t\t<div class=\"elementor-widget-wrap\">\n\t\t\t\t\t\t\t<\/div>\n\t\t<\/div>\n\t\t\t\t\t<\/div>\n\t\t<\/section>\n\t\t\t\t<\/div>\n\t\t","protected":false},"excerpt":{"rendered":"<p>DESCUBRE LA INFIDELIDAD PRUEBA R\u00c1PIDA GRATIS CONTACTO Descubrir la verdad sobre la infidelidad en la pareja puede ser un proceso complicado y emocionalmente desgastante. Nuestro servicio profesional est\u00e1 dise\u00f1ado para ayudarte a aclarar cualquier duda y brindarte informaci\u00f3n confiable sobre la fidelidad de tu c\u00f3nyuge o pareja. A trav\u00e9s de m\u00e9todos probados y discretos, verificamos&#8230;<\/p>\n","protected":false},"author":1,"featured_media":0,"parent":0,"menu_order":0,"comment_status":"closed","ping_status":"closed","template":"elementor_canvas","meta":{"inline_featured_image":false,"_kad_post_transparent":"default","_kad_post_title":"hide","_kad_post_layout":"fullwidth","_kad_post_sidebar_id":"","_kad_post_content_style":"unboxed","_kad_post_vertical_padding":"hide","_kad_post_feature":"hide","_kad_post_feature_position":"","_kad_post_header":false,"_kad_post_footer":false,"footnotes":""},"class_list":["post-6","page","type-page","status-publish","hentry"],"yoast_head":"<!-- This site is optimized with the Yoast SEO plugin v27.1.1 - https:\/\/yoast.com\/product\/yoast-seo-wordpress\/ -->\n<title>Infidelidad - Descubrir la Infidelidad<\/title>\n<meta name=\"description\" content=\"Historial sexual. Refutaci\u00f3n o confirmaci\u00f3n de la infidelidad con otras personas) Tener una doble vida. Comprobamos prop\u00f3sito del matrimonio\" \/>\n<meta name=\"robots\" content=\"index, follow, max-snippet:-1, max-image-preview:large, max-video-preview:-1\" \/>\n<link rel=\"canonical\" href=\"https:\/\/polygraphtest.es\/descubrir-infidelidad\/\" \/>\n<meta property=\"og:locale\" content=\"es_ES\" \/>\n<meta property=\"og:type\" content=\"article\" \/>\n<meta property=\"og:title\" content=\"Infidelidad - Descubrir la Infidelidad\" \/>\n<meta property=\"og:description\" content=\"Historial sexual. Refutaci\u00f3n o confirmaci\u00f3n de la infidelidad con otras personas) Tener una doble vida. Comprobamos prop\u00f3sito del matrimonio\" \/>\n<meta property=\"og:url\" content=\"https:\/\/polygraphtest.es\/descubrir-infidelidad\/\" \/>\n<meta property=\"og:site_name\" content=\"Descubrir la Infidelidad\" \/>\n<meta property=\"article:modified_time\" content=\"2025-11-20T14:29:08+00:00\" \/>\n<meta property=\"og:image\" content=\"https:\/\/polygraphtest.es\/descubrir-infidelidad\/wp-content\/uploads\/2023\/05\/corazon-300x150.png\" \/>\n<meta name=\"twitter:card\" content=\"summary_large_image\" \/>\n<meta name=\"twitter:label1\" content=\"Tiempo de lectura\" \/>\n\t<meta name=\"twitter:data1\" content=\"2 minutos\" \/>\n<script type=\"application\/ld+json\" class=\"yoast-schema-graph\">{\"@context\":\"https:\/\/schema.org\",\"@graph\":[{\"@type\":\"WebPage\",\"@id\":\"https:\/\/polygraphtest.es\/descubrir-infidelidad\/\",\"url\":\"https:\/\/polygraphtest.es\/descubrir-infidelidad\/\",\"name\":\"Infidelidad - Descubrir la Infidelidad\",\"isPartOf\":{\"@id\":\"https:\/\/polygraphtest.es\/descubrir-infidelidad\/#website\"},\"primaryImageOfPage\":{\"@id\":\"https:\/\/polygraphtest.es\/descubrir-infidelidad\/#primaryimage\"},\"image\":{\"@id\":\"https:\/\/polygraphtest.es\/descubrir-infidelidad\/#primaryimage\"},\"thumbnailUrl\":\"https:\/\/polygraphtest.es\/descubrir-infidelidad\/wp-content\/uploads\/2023\/05\/corazon-300x150.png\",\"datePublished\":\"2023-04-22T10:03:55+00:00\",\"dateModified\":\"2025-11-20T14:29:08+00:00\",\"description\":\"Historial sexual. Refutaci\u00f3n o confirmaci\u00f3n de la infidelidad con otras personas) Tener una doble vida. Comprobamos prop\u00f3sito del matrimonio\",\"inLanguage\":\"es\",\"potentialAction\":[{\"@type\":\"ReadAction\",\"target\":[\"https:\/\/polygraphtest.es\/descubrir-infidelidad\/\"]}]},{\"@type\":\"ImageObject\",\"inLanguage\":\"es\",\"@id\":\"https:\/\/polygraphtest.es\/descubrir-infidelidad\/#primaryimage\",\"url\":\"https:\/\/polygraphtest.es\/descubrir-infidelidad\/wp-content\/uploads\/2023\/05\/corazon.png\",\"contentUrl\":\"https:\/\/polygraphtest.es\/descubrir-infidelidad\/wp-content\/uploads\/2023\/05\/corazon.png\",\"width\":640,\"height\":320,\"caption\":\"infidelidad\"},{\"@type\":\"WebSite\",\"@id\":\"https:\/\/polygraphtest.es\/descubrir-infidelidad\/#website\",\"url\":\"https:\/\/polygraphtest.es\/descubrir-infidelidad\/\",\"name\":\"Descubrir la Infidelidad\",\"description\":\"Te ayudamos a descubrir la infidelidad en la pareja. Historial sexual (n\u00famero de parejas sexuales). Refutaci\u00f3n o confirmaci\u00f3n de la infidelidad (sexo (cl\u00e1sico, oral, anal) con otras personas)  Tener una doble vida (amante, duraci\u00f3n de su relaci\u00f3n). Comprobamos la integridad de las intenciones y tambi\u00e9n el prop\u00f3sito del matrimonio.\",\"publisher\":{\"@id\":\"https:\/\/polygraphtest.es\/descubrir-infidelidad\/#organization\"},\"potentialAction\":[{\"@type\":\"SearchAction\",\"target\":{\"@type\":\"EntryPoint\",\"urlTemplate\":\"https:\/\/polygraphtest.es\/descubrir-infidelidad\/?s={search_term_string}\"},\"query-input\":{\"@type\":\"PropertyValueSpecification\",\"valueRequired\":true,\"valueName\":\"search_term_string\"}}],\"inLanguage\":\"es\"},{\"@type\":\"Organization\",\"@id\":\"https:\/\/polygraphtest.es\/descubrir-infidelidad\/#organization\",\"name\":\"Descubrir la Infidelidad\",\"url\":\"https:\/\/polygraphtest.es\/descubrir-infidelidad\/\",\"logo\":{\"@type\":\"ImageObject\",\"inLanguage\":\"es\",\"@id\":\"https:\/\/polygraphtest.es\/descubrir-infidelidad\/#\/schema\/logo\/image\/\",\"url\":\"https:\/\/polygraphtest.es\/descubrir-infidelidad\/wp-content\/uploads\/2023\/04\/logo-01.svg\",\"contentUrl\":\"https:\/\/polygraphtest.es\/descubrir-infidelidad\/wp-content\/uploads\/2023\/04\/logo-01.svg\",\"width\":225,\"height\":117,\"caption\":\"Descubrir la Infidelidad\"},\"image\":{\"@id\":\"https:\/\/polygraphtest.es\/descubrir-infidelidad\/#\/schema\/logo\/image\/\"}}]}<\/script>\n<!-- \/ Yoast SEO plugin. -->","yoast_head_json":{"title":"Infidelidad - Descubrir la Infidelidad","description":"Historial sexual. Refutaci\u00f3n o confirmaci\u00f3n de la infidelidad con otras personas) Tener una doble vida. Comprobamos prop\u00f3sito del matrimonio","robots":{"index":"index","follow":"follow","max-snippet":"max-snippet:-1","max-image-preview":"max-image-preview:large","max-video-preview":"max-video-preview:-1"},"canonical":"https:\/\/polygraphtest.es\/descubrir-infidelidad\/","og_locale":"es_ES","og_type":"article","og_title":"Infidelidad - Descubrir la Infidelidad","og_description":"Historial sexual. Refutaci\u00f3n o confirmaci\u00f3n de la infidelidad con otras personas) Tener una doble vida. Comprobamos prop\u00f3sito del matrimonio","og_url":"https:\/\/polygraphtest.es\/descubrir-infidelidad\/","og_site_name":"Descubrir la Infidelidad","article_modified_time":"2025-11-20T14:29:08+00:00","og_image":[{"url":"https:\/\/polygraphtest.es\/descubrir-infidelidad\/wp-content\/uploads\/2023\/05\/corazon-300x150.png","type":"","width":"","height":""}],"twitter_card":"summary_large_image","twitter_misc":{"Tiempo de lectura":"2 minutos"},"schema":{"@context":"https:\/\/schema.org","@graph":[{"@type":"WebPage","@id":"https:\/\/polygraphtest.es\/descubrir-infidelidad\/","url":"https:\/\/polygraphtest.es\/descubrir-infidelidad\/","name":"Infidelidad - Descubrir la Infidelidad","isPartOf":{"@id":"https:\/\/polygraphtest.es\/descubrir-infidelidad\/#website"},"primaryImageOfPage":{"@id":"https:\/\/polygraphtest.es\/descubrir-infidelidad\/#primaryimage"},"image":{"@id":"https:\/\/polygraphtest.es\/descubrir-infidelidad\/#primaryimage"},"thumbnailUrl":"https:\/\/polygraphtest.es\/descubrir-infidelidad\/wp-content\/uploads\/2023\/05\/corazon-300x150.png","datePublished":"2023-04-22T10:03:55+00:00","dateModified":"2025-11-20T14:29:08+00:00","description":"Historial sexual. Refutaci\u00f3n o confirmaci\u00f3n de la infidelidad con otras personas) Tener una doble vida. Comprobamos prop\u00f3sito del matrimonio","inLanguage":"es","potentialAction":[{"@type":"ReadAction","target":["https:\/\/polygraphtest.es\/descubrir-infidelidad\/"]}]},{"@type":"ImageObject","inLanguage":"es","@id":"https:\/\/polygraphtest.es\/descubrir-infidelidad\/#primaryimage","url":"https:\/\/polygraphtest.es\/descubrir-infidelidad\/wp-content\/uploads\/2023\/05\/corazon.png","contentUrl":"https:\/\/polygraphtest.es\/descubrir-infidelidad\/wp-content\/uploads\/2023\/05\/corazon.png","width":640,"height":320,"caption":"infidelidad"},{"@type":"WebSite","@id":"https:\/\/polygraphtest.es\/descubrir-infidelidad\/#website","url":"https:\/\/polygraphtest.es\/descubrir-infidelidad\/","name":"Descubrir la Infidelidad","description":"Te ayudamos a descubrir la infidelidad en la pareja. Historial sexual (n\u00famero de parejas sexuales). Refutaci\u00f3n o confirmaci\u00f3n de la infidelidad (sexo (cl\u00e1sico, oral, anal) con otras personas)  Tener una doble vida (amante, duraci\u00f3n de su relaci\u00f3n). Comprobamos la integridad de las intenciones y tambi\u00e9n el prop\u00f3sito del matrimonio.","publisher":{"@id":"https:\/\/polygraphtest.es\/descubrir-infidelidad\/#organization"},"potentialAction":[{"@type":"SearchAction","target":{"@type":"EntryPoint","urlTemplate":"https:\/\/polygraphtest.es\/descubrir-infidelidad\/?s={search_term_string}"},"query-input":{"@type":"PropertyValueSpecification","valueRequired":true,"valueName":"search_term_string"}}],"inLanguage":"es"},{"@type":"Organization","@id":"https:\/\/polygraphtest.es\/descubrir-infidelidad\/#organization","name":"Descubrir la Infidelidad","url":"https:\/\/polygraphtest.es\/descubrir-infidelidad\/","logo":{"@type":"ImageObject","inLanguage":"es","@id":"https:\/\/polygraphtest.es\/descubrir-infidelidad\/#\/schema\/logo\/image\/","url":"https:\/\/polygraphtest.es\/descubrir-infidelidad\/wp-content\/uploads\/2023\/04\/logo-01.svg","contentUrl":"https:\/\/polygraphtest.es\/descubrir-infidelidad\/wp-content\/uploads\/2023\/04\/logo-01.svg","width":225,"height":117,"caption":"Descubrir la Infidelidad"},"image":{"@id":"https:\/\/polygraphtest.es\/descubrir-infidelidad\/#\/schema\/logo\/image\/"}}]}},"_links":{"self":[{"href":"https:\/\/polygraphtest.es\/descubrir-infidelidad\/wp-json\/wp\/v2\/pages\/6","targetHints":{"allow":["GET"]}}],"collection":[{"href":"https:\/\/polygraphtest.es\/descubrir-infidelidad\/wp-json\/wp\/v2\/pages"}],"about":[{"href":"https:\/\/polygraphtest.es\/descubrir-infidelidad\/wp-json\/wp\/v2\/types\/page"}],"author":[{"embeddable":true,"href":"https:\/\/polygraphtest.es\/descubrir-infidelidad\/wp-json\/wp\/v2\/users\/1"}],"replies":[{"embeddable":true,"href":"https:\/\/polygraphtest.es\/descubrir-infidelidad\/wp-json\/wp\/v2\/comments?post=6"}],"version-history":[{"count":224,"href":"https:\/\/polygraphtest.es\/descubrir-infidelidad\/wp-json\/wp\/v2\/pages\/6\/revisions"}],"predecessor-version":[{"id":363,"href":"https:\/\/polygraphtest.es\/descubrir-infidelidad\/wp-json\/wp\/v2\/pages\/6\/revisions\/363"}],"wp:attachment":[{"href":"https:\/\/polygraphtest.es\/descubrir-infidelidad\/wp-json\/wp\/v2\/media?parent=6"}],"curies":[{"name":"wp","href":"https:\/\/api.w.org\/{rel}","templated":true}]}}